{"id":234,"date":"2018-05-17T17:57:12","date_gmt":"2018-05-17T15:57:12","guid":{"rendered":"https:\/\/www.bierbaumer.org\/torten\/?page_id=234"},"modified":"2018-05-17T17:58:23","modified_gmt":"2018-05-17T15:58:23","slug":"impressum","status":"publish","type":"page","link":"https:\/\/www.bierbaumer.org\/torten\/?page_id=234","title":{"rendered":"Impressum"},"content":{"rendered":"<p>Informationspflicht laut \u00a75 E-Commerce Gesetz, \u00a714 Unternehmensgesetzbuch, \u00a763 Gewerbeordnung und Offenlegungspflicht laut \u00a725 Mediengesetz.<\/p>\n<p>Sonja Bierbaumer<\/p>\n<p>Krackingerstra\u00dfe 23<br \/>\n3671 Marbach<br \/>\n\u00d6sterreich<\/p>\n<p>sonja@bierbaumer.org<\/p>\n<p>&nbsp;<\/p>\n<p>Quelle: Erstellt\u00a0mit dem <a title=\"Impressum Generator von firmenwebseiten.at\" href=\"https:\/\/www.firmenwebseiten.at\/impressum-generator\/\" target=\"_blank\" rel=\"follow noopener\">Impressum Generator von firmenwebseiten.at<\/a>\u00a0in Kooperation mit <a class=\"external\" href=\"https:\/\/www.luxurly.de\" target=\"_blank\" rel=\"follow noopener\">luxurly.de<\/a><\/p>\n<h4>EU-Streitschlichtung<\/h4>\n<p>Angaben zur Online-Streitbeilegung: Verbraucher haben die M\u00f6glichkeit, Beschwerden an die OnlineStreitbeilegungsplattform der EU zu richten: <a class=\"external\" href=\"https:\/\/ec.europa.eu\/consumers\/odr\/main\/index.cfm?event=main.home2.show&amp;lng=DE\" rel=\"nofollow\">https:\/\/ec.europa.eu\/consumers\/odr\/main\/index.cfm?event=main.home2.show&amp;lng=DE<\/a>. Sie k\u00f6nnen allf\u00e4llige Beschwerde auch an die oben angegebene E-Mail-Adresse richten.<\/p>\n<h4>Haftung f\u00fcr Inhalte dieser Webseite<\/h4>\n<p>Wir entwickeln die Inhalte dieser Webseite st\u00e4ndig weiter und bem\u00fchen uns korrekte und aktuelle Informationen bereitzustellen. Leider k\u00f6nnen wir keine Haftung f\u00fcr die Korrektheit aller Inhalte auf dieser Webseite \u00fcbernehmen, speziell f\u00fcr jene die seitens Dritter bereitgestellt wird. Sollten Ihnen problematische oder rechtswidrige Inhalte auffallen, bitte wir Sie uns umgehend zu kontaktieren, Sie finden die Kontaktdaten im Impressum.<\/p>\n<h4>Haftung f\u00fcr Links auf dieser Webseite<\/h4>\n<p>Unsere Webseite enth\u00e4lt Links zu anderen Webseiten f\u00fcr deren Inhalt wir nicht verantwortlich sind. Wenn Ihnen rechtswidrige Links auf unserer Webseite auffallen, bitte wir Sie uns zu kontakieren, Sie finden die Kontaktdaten im Impressum.<\/p>\n<h4>Urheberrechtshinweis<\/h4>\n<p>Alle Inhalte dieser Webseite (Bilder, Fotos, Texte, Videos) unterliegen dem Urheberrecht. Falls notwendig, werden wir die unerlaubte Nutzung von Teilen der Inhalte unserer Seite rechtlich verfolgen.<\/p>\n<h4>Bildernachweis<\/h4>\n<p>Die Bilder, Fotos und Grafiken auf dieser Webseite sind urheberrechtlich gesch\u00fctzt. Jegliche \u00f6ffentliche oder kommerzielle Verwendung erfordert meine ausdr\u00fcckliche Erlaubnis. Hierzu z\u00e4hlt auch der Einbau meiner Bilder in eine Homepage (sowohl kommerziell als auch privat) egal ob per Link oder als Kopie. Links auf die Seiten dieser Homepage sind gerne gesehen. \ud83d\ude09<\/p>\n<p>&nbsp;<\/p>\n<p>&nbsp;<\/p>\n","protected":false},"excerpt":{"rendered":"<p>Informationspflicht laut \u00a75 E-Commerce Gesetz, \u00a714 Unternehmensgesetzbuch, \u00a763 Gewerbeordnung und Offenlegungspflicht laut \u00a725 Mediengesetz. Sonja Bierbaumer Krackingerstra\u00dfe 23 3671 Marbach \u00d6sterreich sonja@bierbaumer.org &nbsp; Quelle: Erstellt\u00a0mit dem Impressum Generator von firmenwebseiten.at\u00a0in Kooperation mit luxurly.de EU-Streitschlichtung Angaben zur Online-Streitbeilegung: Verbraucher haben die M\u00f6glichkeit, Beschwerden an die OnlineStreitbeilegungsplattform der EU zu richten: https:\/\/ec.europa.eu\/consumers\/odr\/main\/index.cfm?event=main.home2.show&amp;lng=DE. Sie k\u00f6nnen allf\u00e4llige Beschwerde auch &hellip; <\/p>\n","protected":false},"author":1,"featured_media":0,"parent":0,"menu_order":0,"comment_status":"closed","ping_status":"closed","template":"","meta":{"footnotes":""},"class_list":["post-234","page","type-page","status-publish","hentry","latest_post"],"_links":{"self":[{"href":"https:\/\/www.bierbaumer.org\/torten\/index.php?rest_route=\/wp\/v2\/pages\/234","targetHints":{"allow":["GET"]}}],"collection":[{"href":"https:\/\/www.bierbaumer.org\/torten\/index.php?rest_route=\/wp\/v2\/pages"}],"about":[{"href":"https:\/\/www.bierbaumer.org\/torten\/index.php?rest_route=\/wp\/v2\/types\/page"}],"author":[{"embeddable":true,"href":"https:\/\/www.bierbaumer.org\/torten\/index.php?rest_route=\/wp\/v2\/users\/1"}],"replies":[{"embeddable":true,"href":"https:\/\/www.bierbaumer.org\/torten\/index.php?rest_route=%2Fwp%2Fv2%2Fcomments&post=234"}],"version-history":[{"count":2,"href":"https:\/\/www.bierbaumer.org\/torten\/index.php?rest_route=\/wp\/v2\/pages\/234\/revisions"}],"predecessor-version":[{"id":239,"href":"https:\/\/www.bierbaumer.org\/torten\/index.php?rest_route=\/wp\/v2\/pages\/234\/revisions\/239"}],"wp:attachment":[{"href":"https:\/\/www.bierbaumer.org\/torten\/index.php?rest_route=%2Fwp%2Fv2%2Fmedia&parent=234"}],"curies":[{"name":"wp","href":"https:\/\/api.w.org\/{rel}","templated":true}]}}